{"id":1833,"date":"2024-10-28T18:39:00","date_gmt":"2024-10-28T18:39:00","guid":{"rendered":"https:\/\/dgcert.it\/?post_type=product&#038;p=1833"},"modified":"2025-04-14T16:38:00","modified_gmt":"2025-04-14T16:38:00","slug":"dgcert-fattibilita","status":"publish","type":"product","link":"https:\/\/dgcert.it\/it\/shop\/dgcert-fattibilita\/","title":{"rendered":"DGcert\u00ae Studio di Fattibilit\u00e0"},"content":{"rendered":"<p>Il servizio<strong> DG<em>cert <\/em>Studio di Fattibilit\u00e0<\/strong> include:<\/p>\n<ol>\n<li>verifica della compatibilit\u00e0 dell&#8217;idea progettuale secondo le norme edili, urbanistiche e del Piano Urbanistico Comunale e dei vincoli esistenti;<\/li>\n<li>report di fattibilit\u00e0 tecnica;<\/li>\n<li>stima dei costi per la realizzazione del progetto.<\/li>\n<\/ol>\n<p>Vi preghiamo di prendere visione delle <strong>Modalit\u00e0 di erogazione del servizio<\/strong>.<\/p>\n<p>Le immagini di prodotto sono inserite a scopo puramente illustrativo.<\/p>\n","protected":false},"excerpt":{"rendered":"<p><strong>DG<em>cert<\/em> Studio di Fattibilit\u00e0<\/strong> \u00e8 il servizio di verifica tecnico-normativa per individuare le possibili <strong>soluzioni di sviluppo di un immobile<\/strong>.<\/p>\n<p>Riceverai la quantificazione economica del progetto di massima per la trasformazione o ristrutturazione e messa a reddito di un immobile e la definizione certa dei tempi e dei costi necessari alla sua realizzazione. Eseguire lo Studio di Fattibilit\u00e0 prima dell&#8217;acquisto di un immobile \u00e8 una scelta intelligente per verificare se l&#8217;immobile su cui si desidera investire risponde effettivamente alle proprie esigenze.<\/p>\n<p><strong>DG<em>cert <\/em>Studio di Fattibilit\u00e0<\/strong> riguarda abitazioni con superficie fino a 100 mq e individua:<\/p>\n<ul>\n<li>la verifica dell&#8217;idea progettuale in riferimento alla normativa vigente;<\/li>\n<li>analisi della compatibilit\u00e0 dell\u2019intervento con i vincoli esistenti (ambientali, storici, archeologici, paesaggistici, etc.)<\/li>\n<\/ul>\n<p>Se il tuo immobile non rientra nelle tipologie sopra elencate, inviaci la tua richiesta compilando il\u00a0<a href=\"https:\/\/re-ad.it\/contatti\/\">modulo di contatto<\/a>\u00a0e ti forniremo un\u2019offerta personalizzata che potrai acquistare online.<\/p>\n","protected":false},"featured_media":1121,"template":"","meta":[],"product_brand":[],"product_cat":[39,37],"product_tag":[],"class_list":{"0":"post-1833","1":"product","2":"type-product","3":"status-publish","4":"has-post-thumbnail","6":"product_cat-consulenza","7":"product_cat-immobiliare","9":"first","10":"instock","11":"taxable","12":"shipping-taxable","13":"purchasable","14":"product-type-simple"},"yoast_head":"<!-- This site is optimized with the Yoast SEO plugin v27.6 - https:\/\/yoast.com\/product\/yoast-seo-wordpress\/ -->\n<title>DGcert\u00ae Studio di Fattibilit\u00e0 - DGcert<\/title>\n<meta name=\"robots\" content=\"index, follow, max-snippet:-1, max-image-preview:large, max-video-preview:-1\" \/>\n<link rel=\"canonical\" href=\"https:\/\/dgcert.it\/it\/shop\/dgcert-fattibilita\/\" \/>\n<meta property=\"og:locale\" content=\"it_IT\" \/>\n<meta property=\"og:type\" content=\"article\" \/>\n<meta property=\"og:title\" content=\"DGcert\u00ae Studio di Fattibilit\u00e0 - DGcert\" \/>\n<meta property=\"og:description\" content=\"DGcert Studio di Fattibilit\u00e0 \u00e8 il servizio di verifica tecnico-normativa per individuare le possibili soluzioni di sviluppo di un immobile.  Riceverai la quantificazione economica del progetto di massima per la trasformazione o ristrutturazione e messa a reddito di un immobile e la definizione certa dei tempi e dei costi necessari alla sua realizzazione. Eseguire lo Studio di Fattibilit\u00e0 prima dell&#039;acquisto di un immobile \u00e8 una scelta intelligente per verificare se l&#039;immobile su cui si desidera investire risponde effettivamente alle proprie esigenze.  DGcert Studio di Fattibilit\u00e0 riguarda abitazioni con superficie fino a 100 mq e individua:   la verifica dell&#039;idea progettuale in riferimento alla normativa vigente;  analisi della compatibilit\u00e0 dell\u2019intervento con i vincoli esistenti (ambientali, storici, archeologici, paesaggistici, etc.)  Se il tuo immobile non rientra nelle tipologie sopra elencate, inviaci la tua richiesta compilando il\u00a0modulo di contatto\u00a0e ti forniremo un\u2019offerta personalizzata che potrai acquistare online.\" \/>\n<meta property=\"og:url\" content=\"https:\/\/dgcert.it\/it\/shop\/dgcert-fattibilita\/\" \/>\n<meta property=\"og:site_name\" content=\"DGcert\" \/>\n<meta property=\"article:modified_time\" content=\"2025-04-14T16:38:00+00:00\" \/>\n<meta property=\"og:image\" content=\"https:\/\/dgcert.it\/wp-content\/uploads\/2024\/09\/masseria-a-lecce-2-scaled.webp\" \/>\n\t<meta property=\"og:image:width\" content=\"2560\" \/>\n\t<meta property=\"og:image:height\" content=\"1920\" \/>\n\t<meta property=\"og:image:type\" content=\"image\/webp\" \/>\n<meta name=\"twitter:card\" content=\"summary_large_image\" \/>\n<meta name=\"twitter:label1\" content=\"Tempo di lettura stimato\" \/>\n\t<meta name=\"twitter:data1\" content=\"1 minuto\" \/>\n<script type=\"application\/ld+json\" class=\"yoast-schema-graph\">{\"@context\":\"https:\\\/\\\/schema.org\",\"@graph\":[{\"@type\":\"WebPage\",\"@id\":\"https:\\\/\\\/dgcert.it\\\/it\\\/shop\\\/dgcert-fattibilita\\\/\",\"url\":\"https:\\\/\\\/dgcert.it\\\/it\\\/shop\\\/dgcert-fattibilita\\\/\",\"name\":\"DGcert\u00ae Studio di Fattibilit\u00e0 - DGcert\",\"isPartOf\":{\"@id\":\"https:\\\/\\\/dgcert.it\\\/it\\\/#website\"},\"primaryImageOfPage\":{\"@id\":\"https:\\\/\\\/dgcert.it\\\/it\\\/shop\\\/dgcert-fattibilita\\\/#primaryimage\"},\"image\":{\"@id\":\"https:\\\/\\\/dgcert.it\\\/it\\\/shop\\\/dgcert-fattibilita\\\/#primaryimage\"},\"thumbnailUrl\":\"https:\\\/\\\/dgcert.it\\\/wp-content\\\/uploads\\\/2024\\\/09\\\/masseria-a-lecce-2-scaled.webp\",\"datePublished\":\"2024-10-28T18:39:00+00:00\",\"dateModified\":\"2025-04-14T16:38:00+00:00\",\"breadcrumb\":{\"@id\":\"https:\\\/\\\/dgcert.it\\\/it\\\/shop\\\/dgcert-fattibilita\\\/#breadcrumb\"},\"inLanguage\":\"it-IT\",\"potentialAction\":[{\"@type\":\"ReadAction\",\"target\":[\"https:\\\/\\\/dgcert.it\\\/it\\\/shop\\\/dgcert-fattibilita\\\/\"]}]},{\"@type\":\"ImageObject\",\"inLanguage\":\"it-IT\",\"@id\":\"https:\\\/\\\/dgcert.it\\\/it\\\/shop\\\/dgcert-fattibilita\\\/#primaryimage\",\"url\":\"https:\\\/\\\/dgcert.it\\\/wp-content\\\/uploads\\\/2024\\\/09\\\/masseria-a-lecce-2-scaled.webp\",\"contentUrl\":\"https:\\\/\\\/dgcert.it\\\/wp-content\\\/uploads\\\/2024\\\/09\\\/masseria-a-lecce-2-scaled.webp\",\"width\":2560,\"height\":1920},{\"@type\":\"BreadcrumbList\",\"@id\":\"https:\\\/\\\/dgcert.it\\\/it\\\/shop\\\/dgcert-fattibilita\\\/#breadcrumb\",\"itemListElement\":[{\"@type\":\"ListItem\",\"position\":1,\"name\":\"Home\",\"item\":\"https:\\\/\\\/dgcert.it\\\/it\\\/\"},{\"@type\":\"ListItem\",\"position\":2,\"name\":\"DGcert Shop\",\"item\":\"https:\\\/\\\/dgcert.it\\\/dgcert-shop\\\/\"},{\"@type\":\"ListItem\",\"position\":3,\"name\":\"DGcert\u00ae Studio di Fattibilit\u00e0\"}]},{\"@type\":\"WebSite\",\"@id\":\"https:\\\/\\\/dgcert.it\\\/it\\\/#website\",\"url\":\"https:\\\/\\\/dgcert.it\\\/it\\\/\",\"name\":\"DGcert\",\"description\":\"La garanzia per i tuoi investimenti immobiliari\",\"publisher\":{\"@id\":\"https:\\\/\\\/dgcert.it\\\/it\\\/#organization\"},\"potentialAction\":[{\"@type\":\"SearchAction\",\"target\":{\"@type\":\"EntryPoint\",\"urlTemplate\":\"https:\\\/\\\/dgcert.it\\\/it\\\/?s={search_term_string}\"},\"query-input\":{\"@type\":\"PropertyValueSpecification\",\"valueRequired\":true,\"valueName\":\"search_term_string\"}}],\"inLanguage\":\"it-IT\"},{\"@type\":\"Organization\",\"@id\":\"https:\\\/\\\/dgcert.it\\\/it\\\/#organization\",\"name\":\"DGcert\",\"url\":\"https:\\\/\\\/dgcert.it\\\/it\\\/\",\"logo\":{\"@type\":\"ImageObject\",\"inLanguage\":\"it-IT\",\"@id\":\"https:\\\/\\\/dgcert.it\\\/it\\\/#\\\/schema\\\/logo\\\/image\\\/\",\"url\":\"https:\\\/\\\/dgcert.it\\\/wp-content\\\/uploads\\\/2024\\\/09\\\/logo-dgcert-registered-a2.webp\",\"contentUrl\":\"https:\\\/\\\/dgcert.it\\\/wp-content\\\/uploads\\\/2024\\\/09\\\/logo-dgcert-registered-a2.webp\",\"width\":745,\"height\":160,\"caption\":\"DGcert\"},\"image\":{\"@id\":\"https:\\\/\\\/dgcert.it\\\/it\\\/#\\\/schema\\\/logo\\\/image\\\/\"}}]}<\/script>\n<!-- \/ Yoast SEO plugin. -->","yoast_head_json":{"title":"DGcert\u00ae Studio di Fattibilit\u00e0 - DGcert","robots":{"index":"index","follow":"follow","max-snippet":"max-snippet:-1","max-image-preview":"max-image-preview:large","max-video-preview":"max-video-preview:-1"},"canonical":"https:\/\/dgcert.it\/it\/shop\/dgcert-fattibilita\/","og_locale":"it_IT","og_type":"article","og_title":"DGcert\u00ae Studio di Fattibilit\u00e0 - DGcert","og_description":"DGcert Studio di Fattibilit\u00e0 \u00e8 il servizio di verifica tecnico-normativa per individuare le possibili soluzioni di sviluppo di un immobile.  Riceverai la quantificazione economica del progetto di massima per la trasformazione o ristrutturazione e messa a reddito di un immobile e la definizione certa dei tempi e dei costi necessari alla sua realizzazione. Eseguire lo Studio di Fattibilit\u00e0 prima dell'acquisto di un immobile \u00e8 una scelta intelligente per verificare se l'immobile su cui si desidera investire risponde effettivamente alle proprie esigenze.  DGcert Studio di Fattibilit\u00e0 riguarda abitazioni con superficie fino a 100 mq e individua:   la verifica dell'idea progettuale in riferimento alla normativa vigente;  analisi della compatibilit\u00e0 dell\u2019intervento con i vincoli esistenti (ambientali, storici, archeologici, paesaggistici, etc.)  Se il tuo immobile non rientra nelle tipologie sopra elencate, inviaci la tua richiesta compilando il\u00a0modulo di contatto\u00a0e ti forniremo un\u2019offerta personalizzata che potrai acquistare online.","og_url":"https:\/\/dgcert.it\/it\/shop\/dgcert-fattibilita\/","og_site_name":"DGcert","article_modified_time":"2025-04-14T16:38:00+00:00","og_image":[{"width":2560,"height":1920,"url":"https:\/\/dgcert.it\/wp-content\/uploads\/2024\/09\/masseria-a-lecce-2-scaled.webp","type":"image\/webp"}],"twitter_card":"summary_large_image","twitter_misc":{"Tempo di lettura stimato":"1 minuto"},"schema":{"@context":"https:\/\/schema.org","@graph":[{"@type":"WebPage","@id":"https:\/\/dgcert.it\/it\/shop\/dgcert-fattibilita\/","url":"https:\/\/dgcert.it\/it\/shop\/dgcert-fattibilita\/","name":"DGcert\u00ae Studio di Fattibilit\u00e0 - DGcert","isPartOf":{"@id":"https:\/\/dgcert.it\/it\/#website"},"primaryImageOfPage":{"@id":"https:\/\/dgcert.it\/it\/shop\/dgcert-fattibilita\/#primaryimage"},"image":{"@id":"https:\/\/dgcert.it\/it\/shop\/dgcert-fattibilita\/#primaryimage"},"thumbnailUrl":"https:\/\/dgcert.it\/wp-content\/uploads\/2024\/09\/masseria-a-lecce-2-scaled.webp","datePublished":"2024-10-28T18:39:00+00:00","dateModified":"2025-04-14T16:38:00+00:00","breadcrumb":{"@id":"https:\/\/dgcert.it\/it\/shop\/dgcert-fattibilita\/#breadcrumb"},"inLanguage":"it-IT","potentialAction":[{"@type":"ReadAction","target":["https:\/\/dgcert.it\/it\/shop\/dgcert-fattibilita\/"]}]},{"@type":"ImageObject","inLanguage":"it-IT","@id":"https:\/\/dgcert.it\/it\/shop\/dgcert-fattibilita\/#primaryimage","url":"https:\/\/dgcert.it\/wp-content\/uploads\/2024\/09\/masseria-a-lecce-2-scaled.webp","contentUrl":"https:\/\/dgcert.it\/wp-content\/uploads\/2024\/09\/masseria-a-lecce-2-scaled.webp","width":2560,"height":1920},{"@type":"BreadcrumbList","@id":"https:\/\/dgcert.it\/it\/shop\/dgcert-fattibilita\/#breadcrumb","itemListElement":[{"@type":"ListItem","position":1,"name":"Home","item":"https:\/\/dgcert.it\/it\/"},{"@type":"ListItem","position":2,"name":"DGcert Shop","item":"https:\/\/dgcert.it\/dgcert-shop\/"},{"@type":"ListItem","position":3,"name":"DGcert\u00ae Studio di Fattibilit\u00e0"}]},{"@type":"WebSite","@id":"https:\/\/dgcert.it\/it\/#website","url":"https:\/\/dgcert.it\/it\/","name":"DGcert","description":"La garanzia per i tuoi investimenti immobiliari","publisher":{"@id":"https:\/\/dgcert.it\/it\/#organization"},"potentialAction":[{"@type":"SearchAction","target":{"@type":"EntryPoint","urlTemplate":"https:\/\/dgcert.it\/it\/?s={search_term_string}"},"query-input":{"@type":"PropertyValueSpecification","valueRequired":true,"valueName":"search_term_string"}}],"inLanguage":"it-IT"},{"@type":"Organization","@id":"https:\/\/dgcert.it\/it\/#organization","name":"DGcert","url":"https:\/\/dgcert.it\/it\/","logo":{"@type":"ImageObject","inLanguage":"it-IT","@id":"https:\/\/dgcert.it\/it\/#\/schema\/logo\/image\/","url":"https:\/\/dgcert.it\/wp-content\/uploads\/2024\/09\/logo-dgcert-registered-a2.webp","contentUrl":"https:\/\/dgcert.it\/wp-content\/uploads\/2024\/09\/logo-dgcert-registered-a2.webp","width":745,"height":160,"caption":"DGcert"},"image":{"@id":"https:\/\/dgcert.it\/it\/#\/schema\/logo\/image\/"}}]}},"_links":{"self":[{"href":"https:\/\/dgcert.it\/it\/wp-json\/wp\/v2\/product\/1833","targetHints":{"allow":["GET"]}}],"collection":[{"href":"https:\/\/dgcert.it\/it\/wp-json\/wp\/v2\/product"}],"about":[{"href":"https:\/\/dgcert.it\/it\/wp-json\/wp\/v2\/types\/product"}],"wp:featuredmedia":[{"embeddable":true,"href":"https:\/\/dgcert.it\/it\/wp-json\/wp\/v2\/media\/1121"}],"wp:attachment":[{"href":"https:\/\/dgcert.it\/it\/wp-json\/wp\/v2\/media?parent=1833"}],"wp:term":[{"taxonomy":"product_brand","embeddable":true,"href":"https:\/\/dgcert.it\/it\/wp-json\/wp\/v2\/product_brand?post=1833"},{"taxonomy":"product_cat","embeddable":true,"href":"https:\/\/dgcert.it\/it\/wp-json\/wp\/v2\/product_cat?post=1833"},{"taxonomy":"product_tag","embeddable":true,"href":"https:\/\/dgcert.it\/it\/wp-json\/wp\/v2\/product_tag?post=1833"}],"curies":[{"name":"wp","href":"https:\/\/api.w.org\/{rel}","templated":true}]}}