{"id":1830,"date":"2024-10-28T18:34:39","date_gmt":"2024-10-28T18:34:39","guid":{"rendered":"https:\/\/dgcert.it\/?post_type=product&#038;p=1830"},"modified":"2025-04-14T17:34:16","modified_gmt":"2025-04-14T17:34:16","slug":"dgcert-valutazione-sicurezza-strutturale","status":"publish","type":"product","link":"https:\/\/dgcert.it\/it\/shop\/dgcert-valutazione-sicurezza-strutturale\/","title":{"rendered":"DGcert\u00ae Sicurezza Strutturale"},"content":{"rendered":"<p>Il servizio <strong>DG<em>cert<\/em>\u00ae Valutazione Sicurezza Strutturale <\/strong>include:<\/p>\n<ol>\n<li><strong>Sopralluogo e rilievo strutturale;\u00a0<\/strong><\/li>\n<li><strong>Accesso agli atti e richiesta della documentazione agli Enti di competenza;<\/strong><\/li>\n<li><strong>Redazione report e documentazione tecnica. <\/strong>E in particolare:<\/li>\n<\/ol>\n<ul>\n<li>redazione dei grafici strutturali dello stato attuale;<\/li>\n<li>report con valutazione della sicurezza;<\/li>\n<li>indicazione delle eventuali criticit\u00e0 strutturali e quantificazione dei costi degli interventi minimi di sicurezza che si dovessero rendere necessari.<\/li>\n<\/ul>\n<p>Ti preghiamo di prendere visione delle modalit\u00e0 di erogazione del servizio.<\/p>\n<p>Le immagini di prodotto sono inserite a scopo puramente illustrativo.<\/p>\n","protected":false},"excerpt":{"rendered":"<p><strong><em>DGcert\u00ae <\/em>Valutazione Sicurezza<\/strong> <strong>Strutturale<\/strong> \u00e8 il servizio che ti consente di ottenere la valutazione di sicurezza strutturale semplificata di un edificio in muratura allo scopo di stimarne la vulnerabilit\u00e0 sismica e studiare gli interventi di ripristino pi\u00f9 opportuni. Consente di capire se il fabbricato pu\u00f2 resistere alle azioni sismiche con un livello di sicurezza minimo richiesto dalle norme attuali.<\/p>\n<p><strong>DG<em>cert<\/em>\u00ae Valutazione Sicurezza<\/strong> <strong>Strutturale<\/strong> riguarda a edifici in muratura esistenti con volume fino a 400 mc.<\/p>\n<p>Se il tuo immobile non rientra nella tipologia sopra elencata, <strong>inviaci la tua richiesta compilando il <a href=\"https:\/\/dgcert.it\/it\/contatti\/\">modulo di contatto<\/a><\/strong> e ti forniremo un\u2019offerta personalizzata che potrai acquistare online.<\/p>\n","protected":false},"featured_media":1973,"template":"","meta":[],"product_brand":[],"product_cat":[37],"product_tag":[],"class_list":{"0":"post-1830","1":"product","2":"type-product","3":"status-publish","4":"has-post-thumbnail","6":"product_cat-immobiliare","8":"first","9":"instock","10":"taxable","11":"shipping-taxable","12":"purchasable","13":"product-type-simple"},"yoast_head":"<!-- This site is optimized with the Yoast SEO plugin v27.6 - https:\/\/yoast.com\/product\/yoast-seo-wordpress\/ -->\n<title>DGcert\u00ae Sicurezza Strutturale - DGcert<\/title>\n<meta name=\"robots\" content=\"index, follow, max-snippet:-1, max-image-preview:large, max-video-preview:-1\" \/>\n<link rel=\"canonical\" href=\"https:\/\/dgcert.it\/it\/shop\/dgcert-valutazione-sicurezza-strutturale\/\" \/>\n<meta property=\"og:locale\" content=\"it_IT\" \/>\n<meta property=\"og:type\" content=\"article\" \/>\n<meta property=\"og:title\" content=\"DGcert\u00ae Sicurezza Strutturale - DGcert\" \/>\n<meta property=\"og:description\" content=\"DGcert\u00ae Valutazione Sicurezza Strutturale \u00e8 il servizio che ti consente di ottenere la valutazione di sicurezza strutturale semplificata di un edificio in muratura allo scopo di stimarne la vulnerabilit\u00e0 sismica e studiare gli interventi di ripristino pi\u00f9 opportuni. Consente di capire se il fabbricato pu\u00f2 resistere alle azioni sismiche con un livello di sicurezza minimo richiesto dalle norme attuali.  DGcert\u00ae Valutazione Sicurezza Strutturale riguarda a edifici in muratura esistenti con volume fino a 400 mc.  Se il tuo immobile non rientra nella tipologia sopra elencata, inviaci la tua richiesta compilando il modulo di contatto e ti forniremo un\u2019offerta personalizzata che potrai acquistare online.\" \/>\n<meta property=\"og:url\" content=\"https:\/\/dgcert.it\/it\/shop\/dgcert-valutazione-sicurezza-strutturale\/\" \/>\n<meta property=\"og:site_name\" content=\"DGcert\" \/>\n<meta property=\"article:modified_time\" content=\"2025-04-14T17:34:16+00:00\" \/>\n<meta property=\"og:image\" content=\"https:\/\/dgcert.it\/wp-content\/uploads\/2024\/10\/Montalcino-dgcert_8.webp\" \/>\n\t<meta property=\"og:image:width\" content=\"1920\" \/>\n\t<meta property=\"og:image:height\" content=\"1440\" \/>\n\t<meta property=\"og:image:type\" content=\"image\/webp\" \/>\n<meta name=\"twitter:card\" content=\"summary_large_image\" \/>\n<meta name=\"twitter:label1\" content=\"Tempo di lettura stimato\" \/>\n\t<meta name=\"twitter:data1\" content=\"1 minuto\" \/>\n<script type=\"application\/ld+json\" class=\"yoast-schema-graph\">{\"@context\":\"https:\\\/\\\/schema.org\",\"@graph\":[{\"@type\":\"WebPage\",\"@id\":\"https:\\\/\\\/dgcert.it\\\/it\\\/shop\\\/dgcert-valutazione-sicurezza-strutturale\\\/\",\"url\":\"https:\\\/\\\/dgcert.it\\\/it\\\/shop\\\/dgcert-valutazione-sicurezza-strutturale\\\/\",\"name\":\"DGcert\u00ae Sicurezza Strutturale - DGcert\",\"isPartOf\":{\"@id\":\"https:\\\/\\\/dgcert.it\\\/it\\\/#website\"},\"primaryImageOfPage\":{\"@id\":\"https:\\\/\\\/dgcert.it\\\/it\\\/shop\\\/dgcert-valutazione-sicurezza-strutturale\\\/#primaryimage\"},\"image\":{\"@id\":\"https:\\\/\\\/dgcert.it\\\/it\\\/shop\\\/dgcert-valutazione-sicurezza-strutturale\\\/#primaryimage\"},\"thumbnailUrl\":\"https:\\\/\\\/dgcert.it\\\/wp-content\\\/uploads\\\/2024\\\/10\\\/Montalcino-dgcert_8.webp\",\"datePublished\":\"2024-10-28T18:34:39+00:00\",\"dateModified\":\"2025-04-14T17:34:16+00:00\",\"breadcrumb\":{\"@id\":\"https:\\\/\\\/dgcert.it\\\/it\\\/shop\\\/dgcert-valutazione-sicurezza-strutturale\\\/#breadcrumb\"},\"inLanguage\":\"it-IT\",\"potentialAction\":[{\"@type\":\"ReadAction\",\"target\":[\"https:\\\/\\\/dgcert.it\\\/it\\\/shop\\\/dgcert-valutazione-sicurezza-strutturale\\\/\"]}]},{\"@type\":\"ImageObject\",\"inLanguage\":\"it-IT\",\"@id\":\"https:\\\/\\\/dgcert.it\\\/it\\\/shop\\\/dgcert-valutazione-sicurezza-strutturale\\\/#primaryimage\",\"url\":\"https:\\\/\\\/dgcert.it\\\/wp-content\\\/uploads\\\/2024\\\/10\\\/Montalcino-dgcert_8.webp\",\"contentUrl\":\"https:\\\/\\\/dgcert.it\\\/wp-content\\\/uploads\\\/2024\\\/10\\\/Montalcino-dgcert_8.webp\",\"width\":1920,\"height\":1440},{\"@type\":\"BreadcrumbList\",\"@id\":\"https:\\\/\\\/dgcert.it\\\/it\\\/shop\\\/dgcert-valutazione-sicurezza-strutturale\\\/#breadcrumb\",\"itemListElement\":[{\"@type\":\"ListItem\",\"position\":1,\"name\":\"Home\",\"item\":\"https:\\\/\\\/dgcert.it\\\/it\\\/\"},{\"@type\":\"ListItem\",\"position\":2,\"name\":\"DGcert Shop\",\"item\":\"https:\\\/\\\/dgcert.it\\\/dgcert-shop\\\/\"},{\"@type\":\"ListItem\",\"position\":3,\"name\":\"DGcert\u00ae Sicurezza Strutturale\"}]},{\"@type\":\"WebSite\",\"@id\":\"https:\\\/\\\/dgcert.it\\\/it\\\/#website\",\"url\":\"https:\\\/\\\/dgcert.it\\\/it\\\/\",\"name\":\"DGcert\",\"description\":\"La garanzia per i tuoi investimenti immobiliari\",\"publisher\":{\"@id\":\"https:\\\/\\\/dgcert.it\\\/it\\\/#organization\"},\"potentialAction\":[{\"@type\":\"SearchAction\",\"target\":{\"@type\":\"EntryPoint\",\"urlTemplate\":\"https:\\\/\\\/dgcert.it\\\/it\\\/?s={search_term_string}\"},\"query-input\":{\"@type\":\"PropertyValueSpecification\",\"valueRequired\":true,\"valueName\":\"search_term_string\"}}],\"inLanguage\":\"it-IT\"},{\"@type\":\"Organization\",\"@id\":\"https:\\\/\\\/dgcert.it\\\/it\\\/#organization\",\"name\":\"DGcert\",\"url\":\"https:\\\/\\\/dgcert.it\\\/it\\\/\",\"logo\":{\"@type\":\"ImageObject\",\"inLanguage\":\"it-IT\",\"@id\":\"https:\\\/\\\/dgcert.it\\\/it\\\/#\\\/schema\\\/logo\\\/image\\\/\",\"url\":\"https:\\\/\\\/dgcert.it\\\/wp-content\\\/uploads\\\/2024\\\/09\\\/logo-dgcert-registered-a2.webp\",\"contentUrl\":\"https:\\\/\\\/dgcert.it\\\/wp-content\\\/uploads\\\/2024\\\/09\\\/logo-dgcert-registered-a2.webp\",\"width\":745,\"height\":160,\"caption\":\"DGcert\"},\"image\":{\"@id\":\"https:\\\/\\\/dgcert.it\\\/it\\\/#\\\/schema\\\/logo\\\/image\\\/\"}}]}<\/script>\n<!-- \/ Yoast SEO plugin. -->","yoast_head_json":{"title":"DGcert\u00ae Sicurezza Strutturale - DGcert","robots":{"index":"index","follow":"follow","max-snippet":"max-snippet:-1","max-image-preview":"max-image-preview:large","max-video-preview":"max-video-preview:-1"},"canonical":"https:\/\/dgcert.it\/it\/shop\/dgcert-valutazione-sicurezza-strutturale\/","og_locale":"it_IT","og_type":"article","og_title":"DGcert\u00ae Sicurezza Strutturale - DGcert","og_description":"DGcert\u00ae Valutazione Sicurezza Strutturale \u00e8 il servizio che ti consente di ottenere la valutazione di sicurezza strutturale semplificata di un edificio in muratura allo scopo di stimarne la vulnerabilit\u00e0 sismica e studiare gli interventi di ripristino pi\u00f9 opportuni. Consente di capire se il fabbricato pu\u00f2 resistere alle azioni sismiche con un livello di sicurezza minimo richiesto dalle norme attuali.  DGcert\u00ae Valutazione Sicurezza Strutturale riguarda a edifici in muratura esistenti con volume fino a 400 mc.  Se il tuo immobile non rientra nella tipologia sopra elencata, inviaci la tua richiesta compilando il modulo di contatto e ti forniremo un\u2019offerta personalizzata che potrai acquistare online.","og_url":"https:\/\/dgcert.it\/it\/shop\/dgcert-valutazione-sicurezza-strutturale\/","og_site_name":"DGcert","article_modified_time":"2025-04-14T17:34:16+00:00","og_image":[{"width":1920,"height":1440,"url":"https:\/\/dgcert.it\/wp-content\/uploads\/2024\/10\/Montalcino-dgcert_8.webp","type":"image\/webp"}],"twitter_card":"summary_large_image","twitter_misc":{"Tempo di lettura stimato":"1 minuto"},"schema":{"@context":"https:\/\/schema.org","@graph":[{"@type":"WebPage","@id":"https:\/\/dgcert.it\/it\/shop\/dgcert-valutazione-sicurezza-strutturale\/","url":"https:\/\/dgcert.it\/it\/shop\/dgcert-valutazione-sicurezza-strutturale\/","name":"DGcert\u00ae Sicurezza Strutturale - DGcert","isPartOf":{"@id":"https:\/\/dgcert.it\/it\/#website"},"primaryImageOfPage":{"@id":"https:\/\/dgcert.it\/it\/shop\/dgcert-valutazione-sicurezza-strutturale\/#primaryimage"},"image":{"@id":"https:\/\/dgcert.it\/it\/shop\/dgcert-valutazione-sicurezza-strutturale\/#primaryimage"},"thumbnailUrl":"https:\/\/dgcert.it\/wp-content\/uploads\/2024\/10\/Montalcino-dgcert_8.webp","datePublished":"2024-10-28T18:34:39+00:00","dateModified":"2025-04-14T17:34:16+00:00","breadcrumb":{"@id":"https:\/\/dgcert.it\/it\/shop\/dgcert-valutazione-sicurezza-strutturale\/#breadcrumb"},"inLanguage":"it-IT","potentialAction":[{"@type":"ReadAction","target":["https:\/\/dgcert.it\/it\/shop\/dgcert-valutazione-sicurezza-strutturale\/"]}]},{"@type":"ImageObject","inLanguage":"it-IT","@id":"https:\/\/dgcert.it\/it\/shop\/dgcert-valutazione-sicurezza-strutturale\/#primaryimage","url":"https:\/\/dgcert.it\/wp-content\/uploads\/2024\/10\/Montalcino-dgcert_8.webp","contentUrl":"https:\/\/dgcert.it\/wp-content\/uploads\/2024\/10\/Montalcino-dgcert_8.webp","width":1920,"height":1440},{"@type":"BreadcrumbList","@id":"https:\/\/dgcert.it\/it\/shop\/dgcert-valutazione-sicurezza-strutturale\/#breadcrumb","itemListElement":[{"@type":"ListItem","position":1,"name":"Home","item":"https:\/\/dgcert.it\/it\/"},{"@type":"ListItem","position":2,"name":"DGcert Shop","item":"https:\/\/dgcert.it\/dgcert-shop\/"},{"@type":"ListItem","position":3,"name":"DGcert\u00ae Sicurezza Strutturale"}]},{"@type":"WebSite","@id":"https:\/\/dgcert.it\/it\/#website","url":"https:\/\/dgcert.it\/it\/","name":"DGcert","description":"La garanzia per i tuoi investimenti immobiliari","publisher":{"@id":"https:\/\/dgcert.it\/it\/#organization"},"potentialAction":[{"@type":"SearchAction","target":{"@type":"EntryPoint","urlTemplate":"https:\/\/dgcert.it\/it\/?s={search_term_string}"},"query-input":{"@type":"PropertyValueSpecification","valueRequired":true,"valueName":"search_term_string"}}],"inLanguage":"it-IT"},{"@type":"Organization","@id":"https:\/\/dgcert.it\/it\/#organization","name":"DGcert","url":"https:\/\/dgcert.it\/it\/","logo":{"@type":"ImageObject","inLanguage":"it-IT","@id":"https:\/\/dgcert.it\/it\/#\/schema\/logo\/image\/","url":"https:\/\/dgcert.it\/wp-content\/uploads\/2024\/09\/logo-dgcert-registered-a2.webp","contentUrl":"https:\/\/dgcert.it\/wp-content\/uploads\/2024\/09\/logo-dgcert-registered-a2.webp","width":745,"height":160,"caption":"DGcert"},"image":{"@id":"https:\/\/dgcert.it\/it\/#\/schema\/logo\/image\/"}}]}},"_links":{"self":[{"href":"https:\/\/dgcert.it\/it\/wp-json\/wp\/v2\/product\/1830","targetHints":{"allow":["GET"]}}],"collection":[{"href":"https:\/\/dgcert.it\/it\/wp-json\/wp\/v2\/product"}],"about":[{"href":"https:\/\/dgcert.it\/it\/wp-json\/wp\/v2\/types\/product"}],"wp:featuredmedia":[{"embeddable":true,"href":"https:\/\/dgcert.it\/it\/wp-json\/wp\/v2\/media\/1973"}],"wp:attachment":[{"href":"https:\/\/dgcert.it\/it\/wp-json\/wp\/v2\/media?parent=1830"}],"wp:term":[{"taxonomy":"product_brand","embeddable":true,"href":"https:\/\/dgcert.it\/it\/wp-json\/wp\/v2\/product_brand?post=1830"},{"taxonomy":"product_cat","embeddable":true,"href":"https:\/\/dgcert.it\/it\/wp-json\/wp\/v2\/product_cat?post=1830"},{"taxonomy":"product_tag","embeddable":true,"href":"https:\/\/dgcert.it\/it\/wp-json\/wp\/v2\/product_tag?post=1830"}],"curies":[{"name":"wp","href":"https:\/\/api.w.org\/{rel}","templated":true}]}}