{"id":1822,"date":"2024-10-28T10:49:18","date_gmt":"2024-10-28T10:49:18","guid":{"rendered":"https:\/\/dgcert.it\/?post_type=product&#038;p=1822"},"modified":"2025-04-14T16:38:32","modified_gmt":"2025-04-14T16:38:32","slug":"dgcert-due-diligence","status":"publish","type":"product","link":"https:\/\/dgcert.it\/it\/shop\/dgcert-due-diligence\/","title":{"rendered":"DGcert\u00ae Due Diligence"},"content":{"rendered":"<p>Il servizio\u00a0<strong>DG<em>cert<\/em> Due Diligence<\/strong>\u00a0include:<\/p>\n<ol>\n<li>sopralluogo da parte di un tecnico abilitato;<\/li>\n<li>documentazione fotografica firmata da un professionista;<\/li>\n<li>planimetria catastale rilasciata dall&#8217;Ufficio del Territorio dell\u2019Agenzia delle Entrate;<\/li>\n<li>richiesta di accesso agli atti presso il Comune;<\/li>\n<li>verifica conformit\u00e0 catastale o indicazione delle cause di non conformit\u00e0;<\/li>\n<li>verifica di regolarit\u00e0 urbanistica o indicazione delle cause di irregolarit\u00e0;<\/li>\n<li>report con le risultanze delle verifiche effettuate e indicazione delle eventuali criticit\u00e0 individuate.<\/li>\n<\/ol>\n<p>Qualora gli uffici della Pubblica Amministrazione non ci forniscano la documentazione necessaria entro i tempi di consegna del report DG<em>cert<\/em>, ti sar\u00e0 inviato un fascicolo parziale sulla base dei documenti forniti dalla propriet\u00e0 e sar\u00e0 nostra cura consegnarti l\u2019integrazione relativa alla conformit\u00e0 urbanistica non appena otterremo i documenti da parte del Comune.<\/p>\n<p>Le immagini di prodotto sono inserite a scopo puramente illustrativo.<\/p>\n","protected":false},"excerpt":{"rendered":"<p><strong>DG<em>cert<\/em> Due Diligence <\/strong>\u00e8 il servizio di verifica della regolarit\u00e0 edile, urbanistica e catastale dell\u2019immobile che ti consente di rendere sicure e veloci le operazioni di vendita o di acquisto della tua casa.<\/p>\n<p>Il <strong>20% degli immobili in Italia presenta vizi nascosti<\/strong> e problemi che possono emergere sia prima che successivamente all&#8217;acquisto dando seguito a ritardi nella conclusione dell\u2019affare, costi imprevisti o problemi giudiziari.<\/p>\n<p>Con questo servizio, a <strong>costi contenuti e in tempi rapidi<\/strong>, ti recapitiamo in formato elettronico via e-mail tutta la documentazione che ti garantisce che la compravendita del tuo immobile sia priva di problemi urbanistici e catastali.<\/p>\n<p><strong>DG<em>cert<\/em> Due Diligence <\/strong>\u00e8 il servizio dedicato alla compravendita di \u201cunit\u00e0 immobiliari\u201d ricadenti nella <strong>categoria catastale A (abitazioni)<\/strong> con superficie fino a 100 mq.<\/p>\n<p>Per unit\u00e0 immobiliari con superficie superiore a 100 mq o altre tipologie di immobili (ville, edifici cielo-terra, hotel, etc.) <strong><a href=\"https:\/\/dgcert.it\/contatti\/\">scrivici<\/a>\u00a0le tue esigenze<\/strong> e ti forniremo un\u2019offerta personalizzata acquistabile online.<\/p>\n","protected":false},"featured_media":1961,"template":"","meta":[],"product_brand":[],"product_cat":[39,37],"product_tag":[],"class_list":{"0":"post-1822","1":"product","2":"type-product","3":"status-publish","4":"has-post-thumbnail","6":"product_cat-consulenza","7":"product_cat-immobiliare","9":"first","10":"instock","11":"taxable","12":"shipping-taxable","13":"purchasable","14":"product-type-simple"},"yoast_head":"<!-- This site is optimized with the Yoast SEO plugin v27.6 - https:\/\/yoast.com\/product\/yoast-seo-wordpress\/ -->\n<title>DGcert\u00ae Due Diligence - DGcert<\/title>\n<meta name=\"robots\" content=\"index, follow, max-snippet:-1, max-image-preview:large, max-video-preview:-1\" \/>\n<link rel=\"canonical\" href=\"https:\/\/dgcert.it\/it\/shop\/dgcert-due-diligence\/\" \/>\n<meta property=\"og:locale\" content=\"it_IT\" \/>\n<meta property=\"og:type\" content=\"article\" \/>\n<meta property=\"og:title\" content=\"DGcert\u00ae Due Diligence - DGcert\" \/>\n<meta property=\"og:description\" content=\"DGcert Due Diligence \u00e8 il servizio di verifica della regolarit\u00e0 edile, urbanistica e catastale dell\u2019immobile che ti consente di rendere sicure e veloci le operazioni di vendita o di acquisto della tua casa.  Il 20% degli immobili in Italia presenta vizi nascosti e problemi che possono emergere sia prima che successivamente all&#039;acquisto dando seguito a ritardi nella conclusione dell\u2019affare, costi imprevisti o problemi giudiziari.  Con questo servizio, a costi contenuti e in tempi rapidi, ti recapitiamo in formato elettronico via e-mail tutta la documentazione che ti garantisce che la compravendita del tuo immobile sia priva di problemi urbanistici e catastali.  DGcert Due Diligence \u00e8 il servizio dedicato alla compravendita di \u201cunit\u00e0 immobiliari\u201d ricadenti nella categoria catastale A (abitazioni) con superficie fino a 100 mq.  Per unit\u00e0 immobiliari con superficie superiore a 100 mq o altre tipologie di immobili (ville, edifici cielo-terra, hotel, etc.) scrivici\u00a0le tue esigenze e ti forniremo un\u2019offerta personalizzata acquistabile online.\" \/>\n<meta property=\"og:url\" content=\"https:\/\/dgcert.it\/it\/shop\/dgcert-due-diligence\/\" \/>\n<meta property=\"og:site_name\" content=\"DGcert\" \/>\n<meta property=\"article:modified_time\" content=\"2025-04-14T16:38:32+00:00\" \/>\n<meta property=\"og:image\" content=\"https:\/\/dgcert.it\/wp-content\/uploads\/2024\/10\/Montalcino-dgcert_11.webp\" \/>\n\t<meta property=\"og:image:width\" content=\"1920\" \/>\n\t<meta property=\"og:image:height\" content=\"1440\" \/>\n\t<meta property=\"og:image:type\" content=\"image\/webp\" \/>\n<meta name=\"twitter:card\" content=\"summary_large_image\" \/>\n<meta name=\"twitter:label1\" content=\"Tempo di lettura stimato\" \/>\n\t<meta name=\"twitter:data1\" content=\"1 minuto\" \/>\n<script type=\"application\/ld+json\" class=\"yoast-schema-graph\">{\"@context\":\"https:\\\/\\\/schema.org\",\"@graph\":[{\"@type\":\"WebPage\",\"@id\":\"https:\\\/\\\/dgcert.it\\\/it\\\/shop\\\/dgcert-due-diligence\\\/\",\"url\":\"https:\\\/\\\/dgcert.it\\\/it\\\/shop\\\/dgcert-due-diligence\\\/\",\"name\":\"DGcert\u00ae Due Diligence - DGcert\",\"isPartOf\":{\"@id\":\"https:\\\/\\\/dgcert.it\\\/it\\\/#website\"},\"primaryImageOfPage\":{\"@id\":\"https:\\\/\\\/dgcert.it\\\/it\\\/shop\\\/dgcert-due-diligence\\\/#primaryimage\"},\"image\":{\"@id\":\"https:\\\/\\\/dgcert.it\\\/it\\\/shop\\\/dgcert-due-diligence\\\/#primaryimage\"},\"thumbnailUrl\":\"https:\\\/\\\/dgcert.it\\\/wp-content\\\/uploads\\\/2024\\\/10\\\/Montalcino-dgcert_11.webp\",\"datePublished\":\"2024-10-28T10:49:18+00:00\",\"dateModified\":\"2025-04-14T16:38:32+00:00\",\"breadcrumb\":{\"@id\":\"https:\\\/\\\/dgcert.it\\\/it\\\/shop\\\/dgcert-due-diligence\\\/#breadcrumb\"},\"inLanguage\":\"it-IT\",\"potentialAction\":[{\"@type\":\"ReadAction\",\"target\":[\"https:\\\/\\\/dgcert.it\\\/it\\\/shop\\\/dgcert-due-diligence\\\/\"]}]},{\"@type\":\"ImageObject\",\"inLanguage\":\"it-IT\",\"@id\":\"https:\\\/\\\/dgcert.it\\\/it\\\/shop\\\/dgcert-due-diligence\\\/#primaryimage\",\"url\":\"https:\\\/\\\/dgcert.it\\\/wp-content\\\/uploads\\\/2024\\\/10\\\/Montalcino-dgcert_11.webp\",\"contentUrl\":\"https:\\\/\\\/dgcert.it\\\/wp-content\\\/uploads\\\/2024\\\/10\\\/Montalcino-dgcert_11.webp\",\"width\":1920,\"height\":1440},{\"@type\":\"BreadcrumbList\",\"@id\":\"https:\\\/\\\/dgcert.it\\\/it\\\/shop\\\/dgcert-due-diligence\\\/#breadcrumb\",\"itemListElement\":[{\"@type\":\"ListItem\",\"position\":1,\"name\":\"Home\",\"item\":\"https:\\\/\\\/dgcert.it\\\/it\\\/\"},{\"@type\":\"ListItem\",\"position\":2,\"name\":\"DGcert Shop\",\"item\":\"https:\\\/\\\/dgcert.it\\\/dgcert-shop\\\/\"},{\"@type\":\"ListItem\",\"position\":3,\"name\":\"DGcert\u00ae Due Diligence\"}]},{\"@type\":\"WebSite\",\"@id\":\"https:\\\/\\\/dgcert.it\\\/it\\\/#website\",\"url\":\"https:\\\/\\\/dgcert.it\\\/it\\\/\",\"name\":\"DGcert\",\"description\":\"La garanzia per i tuoi investimenti immobiliari\",\"publisher\":{\"@id\":\"https:\\\/\\\/dgcert.it\\\/it\\\/#organization\"},\"potentialAction\":[{\"@type\":\"SearchAction\",\"target\":{\"@type\":\"EntryPoint\",\"urlTemplate\":\"https:\\\/\\\/dgcert.it\\\/it\\\/?s={search_term_string}\"},\"query-input\":{\"@type\":\"PropertyValueSpecification\",\"valueRequired\":true,\"valueName\":\"search_term_string\"}}],\"inLanguage\":\"it-IT\"},{\"@type\":\"Organization\",\"@id\":\"https:\\\/\\\/dgcert.it\\\/it\\\/#organization\",\"name\":\"DGcert\",\"url\":\"https:\\\/\\\/dgcert.it\\\/it\\\/\",\"logo\":{\"@type\":\"ImageObject\",\"inLanguage\":\"it-IT\",\"@id\":\"https:\\\/\\\/dgcert.it\\\/it\\\/#\\\/schema\\\/logo\\\/image\\\/\",\"url\":\"https:\\\/\\\/dgcert.it\\\/wp-content\\\/uploads\\\/2024\\\/09\\\/logo-dgcert-registered-a2.webp\",\"contentUrl\":\"https:\\\/\\\/dgcert.it\\\/wp-content\\\/uploads\\\/2024\\\/09\\\/logo-dgcert-registered-a2.webp\",\"width\":745,\"height\":160,\"caption\":\"DGcert\"},\"image\":{\"@id\":\"https:\\\/\\\/dgcert.it\\\/it\\\/#\\\/schema\\\/logo\\\/image\\\/\"}}]}<\/script>\n<!-- \/ Yoast SEO plugin. -->","yoast_head_json":{"title":"DGcert\u00ae Due Diligence - DGcert","robots":{"index":"index","follow":"follow","max-snippet":"max-snippet:-1","max-image-preview":"max-image-preview:large","max-video-preview":"max-video-preview:-1"},"canonical":"https:\/\/dgcert.it\/it\/shop\/dgcert-due-diligence\/","og_locale":"it_IT","og_type":"article","og_title":"DGcert\u00ae Due Diligence - DGcert","og_description":"DGcert Due Diligence \u00e8 il servizio di verifica della regolarit\u00e0 edile, urbanistica e catastale dell\u2019immobile che ti consente di rendere sicure e veloci le operazioni di vendita o di acquisto della tua casa.  Il 20% degli immobili in Italia presenta vizi nascosti e problemi che possono emergere sia prima che successivamente all'acquisto dando seguito a ritardi nella conclusione dell\u2019affare, costi imprevisti o problemi giudiziari.  Con questo servizio, a costi contenuti e in tempi rapidi, ti recapitiamo in formato elettronico via e-mail tutta la documentazione che ti garantisce che la compravendita del tuo immobile sia priva di problemi urbanistici e catastali.  DGcert Due Diligence \u00e8 il servizio dedicato alla compravendita di \u201cunit\u00e0 immobiliari\u201d ricadenti nella categoria catastale A (abitazioni) con superficie fino a 100 mq.  Per unit\u00e0 immobiliari con superficie superiore a 100 mq o altre tipologie di immobili (ville, edifici cielo-terra, hotel, etc.) scrivici\u00a0le tue esigenze e ti forniremo un\u2019offerta personalizzata acquistabile online.","og_url":"https:\/\/dgcert.it\/it\/shop\/dgcert-due-diligence\/","og_site_name":"DGcert","article_modified_time":"2025-04-14T16:38:32+00:00","og_image":[{"width":1920,"height":1440,"url":"https:\/\/dgcert.it\/wp-content\/uploads\/2024\/10\/Montalcino-dgcert_11.webp","type":"image\/webp"}],"twitter_card":"summary_large_image","twitter_misc":{"Tempo di lettura stimato":"1 minuto"},"schema":{"@context":"https:\/\/schema.org","@graph":[{"@type":"WebPage","@id":"https:\/\/dgcert.it\/it\/shop\/dgcert-due-diligence\/","url":"https:\/\/dgcert.it\/it\/shop\/dgcert-due-diligence\/","name":"DGcert\u00ae Due Diligence - DGcert","isPartOf":{"@id":"https:\/\/dgcert.it\/it\/#website"},"primaryImageOfPage":{"@id":"https:\/\/dgcert.it\/it\/shop\/dgcert-due-diligence\/#primaryimage"},"image":{"@id":"https:\/\/dgcert.it\/it\/shop\/dgcert-due-diligence\/#primaryimage"},"thumbnailUrl":"https:\/\/dgcert.it\/wp-content\/uploads\/2024\/10\/Montalcino-dgcert_11.webp","datePublished":"2024-10-28T10:49:18+00:00","dateModified":"2025-04-14T16:38:32+00:00","breadcrumb":{"@id":"https:\/\/dgcert.it\/it\/shop\/dgcert-due-diligence\/#breadcrumb"},"inLanguage":"it-IT","potentialAction":[{"@type":"ReadAction","target":["https:\/\/dgcert.it\/it\/shop\/dgcert-due-diligence\/"]}]},{"@type":"ImageObject","inLanguage":"it-IT","@id":"https:\/\/dgcert.it\/it\/shop\/dgcert-due-diligence\/#primaryimage","url":"https:\/\/dgcert.it\/wp-content\/uploads\/2024\/10\/Montalcino-dgcert_11.webp","contentUrl":"https:\/\/dgcert.it\/wp-content\/uploads\/2024\/10\/Montalcino-dgcert_11.webp","width":1920,"height":1440},{"@type":"BreadcrumbList","@id":"https:\/\/dgcert.it\/it\/shop\/dgcert-due-diligence\/#breadcrumb","itemListElement":[{"@type":"ListItem","position":1,"name":"Home","item":"https:\/\/dgcert.it\/it\/"},{"@type":"ListItem","position":2,"name":"DGcert Shop","item":"https:\/\/dgcert.it\/dgcert-shop\/"},{"@type":"ListItem","position":3,"name":"DGcert\u00ae Due Diligence"}]},{"@type":"WebSite","@id":"https:\/\/dgcert.it\/it\/#website","url":"https:\/\/dgcert.it\/it\/","name":"DGcert","description":"La garanzia per i tuoi investimenti immobiliari","publisher":{"@id":"https:\/\/dgcert.it\/it\/#organization"},"potentialAction":[{"@type":"SearchAction","target":{"@type":"EntryPoint","urlTemplate":"https:\/\/dgcert.it\/it\/?s={search_term_string}"},"query-input":{"@type":"PropertyValueSpecification","valueRequired":true,"valueName":"search_term_string"}}],"inLanguage":"it-IT"},{"@type":"Organization","@id":"https:\/\/dgcert.it\/it\/#organization","name":"DGcert","url":"https:\/\/dgcert.it\/it\/","logo":{"@type":"ImageObject","inLanguage":"it-IT","@id":"https:\/\/dgcert.it\/it\/#\/schema\/logo\/image\/","url":"https:\/\/dgcert.it\/wp-content\/uploads\/2024\/09\/logo-dgcert-registered-a2.webp","contentUrl":"https:\/\/dgcert.it\/wp-content\/uploads\/2024\/09\/logo-dgcert-registered-a2.webp","width":745,"height":160,"caption":"DGcert"},"image":{"@id":"https:\/\/dgcert.it\/it\/#\/schema\/logo\/image\/"}}]}},"_links":{"self":[{"href":"https:\/\/dgcert.it\/it\/wp-json\/wp\/v2\/product\/1822","targetHints":{"allow":["GET"]}}],"collection":[{"href":"https:\/\/dgcert.it\/it\/wp-json\/wp\/v2\/product"}],"about":[{"href":"https:\/\/dgcert.it\/it\/wp-json\/wp\/v2\/types\/product"}],"wp:featuredmedia":[{"embeddable":true,"href":"https:\/\/dgcert.it\/it\/wp-json\/wp\/v2\/media\/1961"}],"wp:attachment":[{"href":"https:\/\/dgcert.it\/it\/wp-json\/wp\/v2\/media?parent=1822"}],"wp:term":[{"taxonomy":"product_brand","embeddable":true,"href":"https:\/\/dgcert.it\/it\/wp-json\/wp\/v2\/product_brand?post=1822"},{"taxonomy":"product_cat","embeddable":true,"href":"https:\/\/dgcert.it\/it\/wp-json\/wp\/v2\/product_cat?post=1822"},{"taxonomy":"product_tag","embeddable":true,"href":"https:\/\/dgcert.it\/it\/wp-json\/wp\/v2\/product_tag?post=1822"}],"curies":[{"name":"wp","href":"https:\/\/api.w.org\/{rel}","templated":true}]}}