{"id":21,"date":"2023-12-04T19:09:37","date_gmt":"2023-12-04T19:09:37","guid":{"rendered":"https:\/\/www.cssigniter.com\/elementor-demos\/doric\/?page_id=21"},"modified":"2025-04-10T16:08:53","modified_gmt":"2025-04-10T16:08:53","slug":"servizi","status":"publish","type":"page","link":"https:\/\/dgcert.it\/it\/servizi\/","title":{"rendered":"Servizi"},"content":{"rendered":"\t\t<div data-elementor-type=\"wp-page\" data-elementor-id=\"21\" class=\"elementor elementor-21\">\n\t\t\t\t<div class=\"elementor-element elementor-element-c0d0234 e-flex e-con-boxed e-con e-parent\" data-id=\"c0d0234\" data-element_type=\"container\">\n\t\t\t\t\t<div class=\"e-con-inner\">\n\t\t\t\t<div class=\"elementor-element elementor-element-8383b2f elementor-widget elementor-widget-heading\" data-id=\"8383b2f\" data-element_type=\"widget\" data-widget_type=\"heading.default\">\n\t\t\t\t<div class=\"elementor-widget-container\">\n\t\t\t\t\t<h2 class=\"elementor-heading-title elementor-size-default\">Verifiche tecniche indipendenti per analizzare l\u2019immobile prima dell\u2019acquisto, stimare i costi e ridurre i rischi dell\u2019investimento.<\/h2>\t\t\t\t<\/div>\n\t\t\t\t<\/div>\n\t\t\t\t<div class=\"elementor-element elementor-element-4be52b4 elementor-widget elementor-widget-text-editor\" data-id=\"4be52b4\" data-element_type=\"widget\" data-widget_type=\"text-editor.default\">\n\t\t\t\t<div class=\"elementor-widget-container\">\n\t\t\t\t\t\t\t\t\t<p><strong>DGcert\u00ae offre una gamma completa di servizi di consulenza tecnica<\/strong>, progettati per <strong>tutelare il tuo investimento immobiliare<\/strong> e <strong>prevenire sorprese<\/strong> che compromettono <strong>costi, tempi e valore dell\u2019operazione<\/strong>.<br \/>Dalla <strong>due diligence immobiliare<\/strong> agli <strong>studi di fattibilit\u00e0<\/strong>, fino alla <strong>stima dei costi di ristrutturazione<\/strong> e del <strong>valore di mercato<\/strong>, ogni servizio DGcert\u00ae \u00e8 pensato per fornire <strong>un\u2019analisi tecnica completa, chiara e facilmente comprensibile<\/strong> dell\u2019immobile <strong>prima dell\u2019acquisto<\/strong>.<\/p>\t\t\t\t\t\t\t\t<\/div>\n\t\t\t\t<\/div>\n\t\t\t\t<div class=\"elementor-element elementor-element-14070e1 elementor-widget elementor-widget-heading\" data-id=\"14070e1\" data-element_type=\"widget\" data-widget_type=\"heading.default\">\n\t\t\t\t<div class=\"elementor-widget-container\">\n\t\t\t\t\t<h3 class=\"elementor-heading-title elementor-size-default\">Perch\u00e9 DGcert\u00ae \u00e8 indispensabile\n\n<\/h3>\t\t\t\t<\/div>\n\t\t\t\t<\/div>\n\t\t\t\t<div class=\"elementor-element elementor-element-8b7d47f elementor-widget elementor-widget-text-editor\" data-id=\"8b7d47f\" data-element_type=\"widget\" data-widget_type=\"text-editor.default\">\n\t\t\t\t<div class=\"elementor-widget-container\">\n\t\t\t\t\t\t\t\t\t<p class=\"s7\"><span class=\"s6\"><span class=\"bumpedFont15\">Nel processo di compravendita,&nbsp;<\/span><\/span><span class=\"s5\"><span class=\"bumpedFont15\"><b>nessuno dei soggetti coinvolti offre una verifica tecnica indipendente dell\u2019immobile<\/b><\/span><\/span><span class=\"s6\"><span class=\"bumpedFont15\">: il&nbsp;<\/span><\/span><span class=\"s5\"><span class=\"bumpedFont15\"><b>notaio<\/b><\/span><\/span><span class=\"s6\"><span class=\"bumpedFont15\">, in qualit\u00e0 di pubblico ufficiale,&nbsp;<\/span><\/span><span class=\"s5\"><span class=\"bumpedFont15\"><b>acquisisce e certifica la dichiarazione del venditore<\/b><\/span><\/span><span class=\"s6\"><span class=\"bumpedFont15\"><b>&nbsp;sulla regolarit\u00e0 urbanistica e catastale<\/b>,&nbsp;<\/span><\/span><span class=\"s5\"><span class=\"bumpedFont15\"><b>senza eseguire controlli sostanziali<\/b><\/span><\/span><span class=\"s6\"><span class=\"bumpedFont15\">; <b>l\u2019<\/b><\/span><\/span><span class=\"s5\"><span class=\"bumpedFont15\"><b>agente immobiliare<\/b><\/span><\/span><span class=\"s6\"><span class=\"bumpedFont15\">&nbsp;\u00e8 orientato alla chiusura dell\u2019affare e&nbsp;<\/span><\/span><span class=\"s5\"><span class=\"bumpedFont15\"><b>non ha le competenze tecniche<\/b><\/span><\/span><span class=\"s6\"><span class=\"bumpedFont15\"><b>&nbsp;per individuare eventuali difformit\u00e0<\/b>; infine, <b>la&nbsp;<\/b><\/span><\/span><span class=\"s5\"><span class=\"bumpedFont15\"><b>banca<\/b><\/span><\/span><span class=\"s6\"><span class=\"bumpedFont15\">&nbsp;\u2013 nei casi di acquisto con mutuo \u2013&nbsp;<\/span><\/span><span class=\"s5\"><span class=\"bumpedFont15\"><b>richiede una perizia sul valore dell\u2019immobile<\/b>&nbsp;<\/span><\/span><span class=\"s8\"><span class=\"bumpedFont15\">a fini di garanzia creditizia<\/span><\/span><span class=\"s5\"><span class=\"bumpedFont15\">,&nbsp;<\/span><\/span><span class=\"s6\"><span class=\"bumpedFont15\">ma si tratta spesso di&nbsp;<\/span><\/span><span class=\"s8\"><span class=\"bumpedFont15\">valutazioni standardizzate<\/span><\/span><span class=\"s5\"><span class=\"bumpedFont15\">, <b>che<\/b><\/span><\/span><b><span class=\"s5\"><span class=\"bumpedFont15\">&nbsp;non&nbsp;<\/span><\/span><span class=\"s5\"><span class=\"bumpedFont15\">offrono<\/span><\/span><span class=\"s5\"><span class=\"bumpedFont15\">&nbsp;una verifica tecnica&nbsp;<\/span><\/span><span class=\"s5\"><span class=\"bumpedFont15\">affidabile<\/span><\/span><span class=\"s5\"><span class=\"bumpedFont15\"> dell\u2019immobile.&nbsp;<\/span><\/span><\/b><\/p>\n<p class=\"s7\"><span class=\"s5\"><span class=\"bumpedFont15\">DGcert<\/span><\/span><span class=\"s5\"><span class=\"bumpedFont15\">\u00ae colma un vuoto cruciale<\/span><\/span><span class=\"s6\"><span class=\"bumpedFont15\">, offrendo ci\u00f2 che n\u00e9 il notaio n\u00e9 l\u2019agente immobiliare&nbsp;<\/span><\/span><span class=\"s6\"><span class=\"bumpedFont15\">n\u00e9 le banche&nbsp;<\/span><\/span><span class=\"s6\"><span class=\"bumpedFont15\">garantiscono:&nbsp;<\/span><\/span><span class=\"s5\"><span class=\"bumpedFont15\"><b>un\u2019analisi tecnica indipendente e approfondita<\/b><\/span><\/span><span class=\"s6\"><span class=\"bumpedFont15\">, che individua&nbsp;<\/span><\/span><span class=\"s5\"><span class=\"bumpedFont15\">le <b>criticit\u00e0 nascoste<\/b><\/span><\/span><b><span class=\"s6\"><span class=\"bumpedFont15\">&nbsp;e&nbsp;<\/span><\/span><span class=\"s5\"><span class=\"bumpedFont15\">tutela concretamente il tuo investimento<\/span><\/span><\/b><span class=\"s6\"><span class=\"bumpedFont15\">.<\/span><\/span><\/p>\t\t\t\t\t\t\t\t<\/div>\n\t\t\t\t<\/div>\n\t\t\t\t<div class=\"elementor-element elementor-element-00b27af elementor-widget elementor-widget-heading\" data-id=\"00b27af\" data-element_type=\"widget\" data-widget_type=\"heading.default\">\n\t\t\t\t<div class=\"elementor-widget-container\">\n\t\t\t\t\t<h3 class=\"elementor-heading-title elementor-size-default\">Come funziona la piattaforma\n<\/h3>\t\t\t\t<\/div>\n\t\t\t\t<\/div>\n\t\t\t\t<div class=\"elementor-element elementor-element-193c674 elementor-widget elementor-widget-text-editor\" data-id=\"193c674\" data-element_type=\"widget\" data-widget_type=\"text-editor.default\">\n\t\t\t\t<div class=\"elementor-widget-container\">\n\t\t\t\t\t\t\t\t\t<p>Tutti i nostri report sono <strong>facili da leggere<\/strong> e <strong>immediatamente comprensibili<\/strong>, grazie a <strong>un formato visivo intuitivo<\/strong>, studiato per aiutarti a comprendere ogni aspetto rilevante, anche senza competenze tecniche specifiche.<br \/>Attraverso <strong>la nostra piattaforma digitale<\/strong> \u2013 <strong>la prima in Italia dedicata ai servizi tecnici per il real estate<\/strong> \u2013 puoi <strong>scegliere i servizi pi\u00f9 adatti<\/strong>, acquistarli online e ricevere il report tramite e-mail o posta certificata. Il nostro team \u00e8 sempre disponibile per offrirti supporto e chiarimenti, anche dopo la consegna del report, nel caso emergano dubbi o domande sull\u2019analisi ricevuta.<br \/><strong>Il nostro team \u00e8 sempre disponibile per offrire supporto e chiarimenti<\/strong>, anche <strong>dopo la consegna del report<\/strong>, nel caso tu abbia <strong>dubbi sull\u2019analisi ricevuta o bisogno di ulteriori spiegazioni<\/strong>.<br \/>E se non trovi tra i servizi disponibili quello pi\u00f9 adatto alle tue esigenze, <strong>puoi contattarci per valutare insieme il tuo caso<\/strong>: saremo lieti di proporti <strong>una soluzione tecnica su misura, pensata per il tipo di immobile e le tue necessit\u00e0<\/strong>.<br \/>Con <strong>oltre vent\u2019anni di esperienza<\/strong> al fianco di investitori italiani e internazionali, e una rete di professionisti attivi in tutta Italia, <strong>DGcert\u00ae \u00e8 il partner tecnico indipendente<\/strong> che <strong>semplifica l\u2019intero processo di verifica<\/strong>, aiutandoti a <strong>gestire i rischi delle operazioni immobiliari<\/strong> e <strong>prendere decisioni di successo<\/strong>.<\/p>\t\t\t\t\t\t\t\t<\/div>\n\t\t\t\t<\/div>\n\t\t\t\t<div class=\"elementor-element elementor-element-2208679 elementor-widget elementor-widget-text-editor\" data-id=\"2208679\" data-element_type=\"widget\" data-widget_type=\"text-editor.default\">\n\t\t\t\t<div class=\"elementor-widget-container\">\n\t\t\t\t\t\t\t\t\t<p><a class=\"btn btn-transparent\" href=\"https:\/\/dgcert.it\/it\/dgcert-shop\/\">Acquista i servizi DGcert\u00ae<sup>\u00ae<\/sup><\/a><\/p>\t\t\t\t\t\t\t\t<\/div>\n\t\t\t\t<\/div>\n\t\t\t\t<div class=\"elementor-element elementor-element-564cd68 elementor-widget elementor-widget-spacer\" data-id=\"564cd68\" data-element_type=\"widget\" data-widget_type=\"spacer.default\">\n\t\t\t\t<div class=\"elementor-widget-container\">\n\t\t\t\t\t\t\t<div class=\"elementor-spacer\">\n\t\t\t<div class=\"elementor-spacer-inner\"><\/div>\n\t\t<\/div>\n\t\t\t\t\t\t<\/div>\n\t\t\t\t<\/div>\n\t\t\t\t<div class=\"elementor-element elementor-element-1109e95 elementor-widget elementor-widget-heading\" data-id=\"1109e95\" data-element_type=\"widget\" data-widget_type=\"heading.default\">\n\t\t\t\t<div class=\"elementor-widget-container\">\n\t\t\t\t\t<h2 class=\"elementor-heading-title elementor-size-default\">I servizi DGcert\u00ae<\/h2>\t\t\t\t<\/div>\n\t\t\t\t<\/div>\n\t\t\t\t\t<\/div>\n\t\t\t\t<\/div>\n\t\t\t\t<section class=\"elementor-section elementor-top-section elementor-element elementor-element-15b3518 elementor-section-boxed elementor-section-height-default elementor-section-height-default\" data-id=\"15b3518\" data-element_type=\"section\">\n\t\t\t\t\t\t<div class=\"elementor-container elementor-column-gap-extended\">\n\t\t\t\t\t<div class=\"elementor-column elementor-col-100 elementor-top-column elementor-element elementor-element-ac30c6f\" data-id=\"ac30c6f\" data-element_type=\"column\">\n\t\t\t<div class=\"elementor-widget-wrap elementor-element-populated\">\n\t\t\t\t\t\t<div class=\"elementor-element elementor-element-9239ac2 elementor-widget elementor-widget-ci_post_types\" data-id=\"9239ac2\" data-element_type=\"widget\" data-widget_type=\"ci_post_types.default\">\n\t\t\t\t<div class=\"elementor-widget-container\">\n\t\t\t\t\t<div class=\"ignition-elementor-widget-post-types is-style-ignition-business3ree-item-overlay\"><div class=\"row row-items row-columns-4\">\t\t\t\t<div class=\"col-xl-3 col-lg-4 col-sm-6 col-12\">\n<div id=\"entry-item-2941\" class=\"entry-item post-2941 ignition-service type-ignition-service status-publish has-post-thumbnail hentry\">\n\t\t\t<figure class=\"entry-item-thumb\">\n\t\t\t<a href=\"https:\/\/dgcert.it\/it\/service\/studio-di-fattibilita\/\">\n\t\t\t\t<img fetchpriority=\"high\" decoding=\"async\" width=\"520\" height=\"768\" src=\"https:\/\/dgcert.it\/wp-content\/uploads\/2024\/09\/porto-cervo-progetto-dgcert-7-520x768.webp\" class=\"attachment-ignition_item_tall size-ignition_item_tall wp-post-image\" alt=\"\" \/>\t\t\t<\/a>\n\t\t<\/figure>\n\t\n\t<div class=\"entry-item-content\">\n\t\t<h2 class=\"entry-item-title\"><a href=\"https:\/\/dgcert.it\/it\/service\/studio-di-fattibilita\/\">Studi di Fattibilit\u00e0<\/a><\/h2>\t<\/div>\n<\/div>\n<\/div>\t\t\t\t<div class=\"col-xl-3 col-lg-4 col-sm-6 col-12\">\n<div id=\"entry-item-2863\" class=\"entry-item post-2863 ignition-service type-ignition-service status-publish has-post-thumbnail hentry\">\n\t\t\t<figure class=\"entry-item-thumb\">\n\t\t\t<a href=\"https:\/\/dgcert.it\/it\/service\/due-diligence\/\">\n\t\t\t\t<img fetchpriority=\"high\" decoding=\"async\" width=\"520\" height=\"768\" src=\"https:\/\/dgcert.it\/wp-content\/uploads\/2024\/09\/porto-cervo-progetto-dgcert-7-520x768.webp\" class=\"attachment-ignition_item_tall size-ignition_item_tall wp-post-image\" alt=\"\" \/>\t\t\t<\/a>\n\t\t<\/figure>\n\t\n\t<div class=\"entry-item-content\">\n\t\t<h2 class=\"entry-item-title\"><a href=\"https:\/\/dgcert.it\/it\/service\/due-diligence\/\">Due Diligence<\/a><\/h2>\t<\/div>\n<\/div>\n<\/div>\t\t\t\t<div class=\"col-xl-3 col-lg-4 col-sm-6 col-12\">\n<div id=\"entry-item-2949\" class=\"entry-item post-2949 ignition-service type-ignition-service status-publish has-post-thumbnail hentry\">\n\t\t\t<figure class=\"entry-item-thumb\">\n\t\t\t<a href=\"https:\/\/dgcert.it\/it\/service\/total-home-inspection\/\">\n\t\t\t\t<img decoding=\"async\" width=\"520\" height=\"780\" src=\"https:\/\/dgcert.it\/wp-content\/uploads\/2024\/09\/montalcino-9-520x780.webp\" class=\"attachment-ignition_item_tall size-ignition_item_tall wp-post-image\" alt=\"\" srcset=\"https:\/\/dgcert.it\/wp-content\/uploads\/2024\/09\/montalcino-9-520x780.webp 520w, https:\/\/dgcert.it\/wp-content\/uploads\/2024\/09\/montalcino-9-750x1125.webp 750w\" sizes=\"(max-width: 520px) 100vw, 520px\" \/>\t\t\t<\/a>\n\t\t<\/figure>\n\t\n\t<div class=\"entry-item-content\">\n\t\t<h2 class=\"entry-item-title\"><a href=\"https:\/\/dgcert.it\/it\/service\/total-home-inspection\/\">Total Home Inspection<\/a><\/h2>\t<\/div>\n<\/div>\n<\/div>\t\t\t\t<div class=\"col-xl-3 col-lg-4 col-sm-6 col-12\">\n<div id=\"entry-item-2952\" class=\"entry-item post-2952 ignition-service type-ignition-service status-publish has-post-thumbnail hentry\">\n\t\t\t<figure class=\"entry-item-thumb\">\n\t\t\t<a href=\"https:\/\/dgcert.it\/it\/service\/valutazione-certificata\/\">\n\t\t\t\t<img decoding=\"async\" width=\"520\" height=\"780\" src=\"https:\/\/dgcert.it\/wp-content\/uploads\/2024\/09\/dgcert-capri-17-520x780.webp\" class=\"attachment-ignition_item_tall size-ignition_item_tall wp-post-image\" alt=\"\" srcset=\"https:\/\/dgcert.it\/wp-content\/uploads\/2024\/09\/dgcert-capri-17-520x780.webp 520w, https:\/\/dgcert.it\/wp-content\/uploads\/2024\/09\/dgcert-capri-17-750x1125.webp 750w\" sizes=\"(max-width: 520px) 100vw, 520px\" \/>\t\t\t<\/a>\n\t\t<\/figure>\n\t\n\t<div class=\"entry-item-content\">\n\t\t<h2 class=\"entry-item-title\"><a href=\"https:\/\/dgcert.it\/it\/service\/valutazione-certificata\/\">Valutazione<\/a><\/h2>\t<\/div>\n<\/div>\n<\/div><\/div><\/div>\t\t\t\t<\/div>\n\t\t\t\t<\/div>\n\t\t\t\t\t<\/div>\n\t\t<\/div>\n\t\t\t\t\t<\/div>\n\t\t<\/section>\n\t\t\t\t<\/div>\n\t\t","protected":false},"excerpt":{"rendered":"<p>Verifiche tecniche indipendenti per analizzare l\u2019immobile prima dell\u2019acquisto, stimare i costi e ridurre i rischi dell\u2019investimento. DGcert\u00ae offre una gamma completa di servizi di consulenza tecnica, progettati per tutelare il tuo investimento immobiliare e prevenire [&hellip;]<\/p>\n","protected":false},"author":1,"featured_media":0,"parent":0,"menu_order":0,"comment_status":"closed","ping_status":"closed","template":"","meta":{"footnotes":""},"class_list":["post-21","page","type-page","status-publish","hentry"],"yoast_head":"<!-- This site is optimized with the Yoast SEO plugin v27.6 - https:\/\/yoast.com\/product\/yoast-seo-wordpress\/ -->\n<title>Servizi - DGcert<\/title>\n<meta name=\"robots\" content=\"index, follow, max-snippet:-1, max-image-preview:large, max-video-preview:-1\" \/>\n<link rel=\"canonical\" href=\"https:\/\/dgcert.it\/it\/servizi\/\" \/>\n<meta property=\"og:locale\" content=\"it_IT\" \/>\n<meta property=\"og:type\" content=\"article\" \/>\n<meta property=\"og:title\" content=\"Servizi - DGcert\" \/>\n<meta property=\"og:description\" content=\"Verifiche tecniche indipendenti per analizzare l\u2019immobile prima dell\u2019acquisto, stimare i costi e ridurre i rischi dell\u2019investimento. DGcert\u00ae offre una gamma completa di servizi di consulenza tecnica, progettati per tutelare il tuo investimento immobiliare e prevenire [&hellip;]\" \/>\n<meta property=\"og:url\" content=\"https:\/\/dgcert.it\/it\/servizi\/\" \/>\n<meta property=\"og:site_name\" content=\"DGcert\" \/>\n<meta property=\"article:modified_time\" content=\"2025-04-10T16:08:53+00:00\" \/>\n<meta property=\"og:image\" content=\"https:\/\/dgcert.it\/wp-content\/uploads\/2024\/09\/porto-cervo-progetto-dgcert-7-520x768.webp\" \/>\n<meta name=\"twitter:card\" content=\"summary_large_image\" \/>\n<meta name=\"twitter:label1\" content=\"Tempo di lettura stimato\" \/>\n\t<meta name=\"twitter:data1\" content=\"4 minuti\" \/>\n<script type=\"application\/ld+json\" class=\"yoast-schema-graph\">{\"@context\":\"https:\\\/\\\/schema.org\",\"@graph\":[{\"@type\":\"WebPage\",\"@id\":\"https:\\\/\\\/dgcert.it\\\/it\\\/servizi\\\/\",\"url\":\"https:\\\/\\\/dgcert.it\\\/it\\\/servizi\\\/\",\"name\":\"Servizi - DGcert\",\"isPartOf\":{\"@id\":\"https:\\\/\\\/dgcert.it\\\/it\\\/#website\"},\"primaryImageOfPage\":{\"@id\":\"https:\\\/\\\/dgcert.it\\\/it\\\/servizi\\\/#primaryimage\"},\"image\":{\"@id\":\"https:\\\/\\\/dgcert.it\\\/it\\\/servizi\\\/#primaryimage\"},\"thumbnailUrl\":\"https:\\\/\\\/dgcert.it\\\/wp-content\\\/uploads\\\/2024\\\/09\\\/porto-cervo-progetto-dgcert-7-520x768.webp\",\"datePublished\":\"2023-12-04T19:09:37+00:00\",\"dateModified\":\"2025-04-10T16:08:53+00:00\",\"breadcrumb\":{\"@id\":\"https:\\\/\\\/dgcert.it\\\/it\\\/servizi\\\/#breadcrumb\"},\"inLanguage\":\"it-IT\",\"potentialAction\":[{\"@type\":\"ReadAction\",\"target\":[\"https:\\\/\\\/dgcert.it\\\/it\\\/servizi\\\/\"]}]},{\"@type\":\"ImageObject\",\"inLanguage\":\"it-IT\",\"@id\":\"https:\\\/\\\/dgcert.it\\\/it\\\/servizi\\\/#primaryimage\",\"url\":\"https:\\\/\\\/dgcert.it\\\/wp-content\\\/uploads\\\/2024\\\/09\\\/porto-cervo-progetto-dgcert-7-520x768.webp\",\"contentUrl\":\"https:\\\/\\\/dgcert.it\\\/wp-content\\\/uploads\\\/2024\\\/09\\\/porto-cervo-progetto-dgcert-7-520x768.webp\"},{\"@type\":\"BreadcrumbList\",\"@id\":\"https:\\\/\\\/dgcert.it\\\/it\\\/servizi\\\/#breadcrumb\",\"itemListElement\":[{\"@type\":\"ListItem\",\"position\":1,\"name\":\"Home\",\"item\":\"https:\\\/\\\/dgcert.it\\\/it\\\/\"},{\"@type\":\"ListItem\",\"position\":2,\"name\":\"Servizi\"}]},{\"@type\":\"WebSite\",\"@id\":\"https:\\\/\\\/dgcert.it\\\/it\\\/#website\",\"url\":\"https:\\\/\\\/dgcert.it\\\/it\\\/\",\"name\":\"DGcert\",\"description\":\"La garanzia per i tuoi investimenti immobiliari\",\"publisher\":{\"@id\":\"https:\\\/\\\/dgcert.it\\\/it\\\/#organization\"},\"potentialAction\":[{\"@type\":\"SearchAction\",\"target\":{\"@type\":\"EntryPoint\",\"urlTemplate\":\"https:\\\/\\\/dgcert.it\\\/it\\\/?s={search_term_string}\"},\"query-input\":{\"@type\":\"PropertyValueSpecification\",\"valueRequired\":true,\"valueName\":\"search_term_string\"}}],\"inLanguage\":\"it-IT\"},{\"@type\":\"Organization\",\"@id\":\"https:\\\/\\\/dgcert.it\\\/it\\\/#organization\",\"name\":\"DGcert\",\"url\":\"https:\\\/\\\/dgcert.it\\\/it\\\/\",\"logo\":{\"@type\":\"ImageObject\",\"inLanguage\":\"it-IT\",\"@id\":\"https:\\\/\\\/dgcert.it\\\/it\\\/#\\\/schema\\\/logo\\\/image\\\/\",\"url\":\"https:\\\/\\\/dgcert.it\\\/wp-content\\\/uploads\\\/2024\\\/09\\\/logo-dgcert-registered-a2.webp\",\"contentUrl\":\"https:\\\/\\\/dgcert.it\\\/wp-content\\\/uploads\\\/2024\\\/09\\\/logo-dgcert-registered-a2.webp\",\"width\":745,\"height\":160,\"caption\":\"DGcert\"},\"image\":{\"@id\":\"https:\\\/\\\/dgcert.it\\\/it\\\/#\\\/schema\\\/logo\\\/image\\\/\"}}]}<\/script>\n<!-- \/ Yoast SEO plugin. -->","yoast_head_json":{"title":"Servizi - DGcert","robots":{"index":"index","follow":"follow","max-snippet":"max-snippet:-1","max-image-preview":"max-image-preview:large","max-video-preview":"max-video-preview:-1"},"canonical":"https:\/\/dgcert.it\/it\/servizi\/","og_locale":"it_IT","og_type":"article","og_title":"Servizi - DGcert","og_description":"Verifiche tecniche indipendenti per analizzare l\u2019immobile prima dell\u2019acquisto, stimare i costi e ridurre i rischi dell\u2019investimento. DGcert\u00ae offre una gamma completa di servizi di consulenza tecnica, progettati per tutelare il tuo investimento immobiliare e prevenire [&hellip;]","og_url":"https:\/\/dgcert.it\/it\/servizi\/","og_site_name":"DGcert","article_modified_time":"2025-04-10T16:08:53+00:00","og_image":[{"url":"https:\/\/dgcert.it\/wp-content\/uploads\/2024\/09\/porto-cervo-progetto-dgcert-7-520x768.webp","type":"","width":"","height":""}],"twitter_card":"summary_large_image","twitter_misc":{"Tempo di lettura stimato":"4 minuti"},"schema":{"@context":"https:\/\/schema.org","@graph":[{"@type":"WebPage","@id":"https:\/\/dgcert.it\/it\/servizi\/","url":"https:\/\/dgcert.it\/it\/servizi\/","name":"Servizi - DGcert","isPartOf":{"@id":"https:\/\/dgcert.it\/it\/#website"},"primaryImageOfPage":{"@id":"https:\/\/dgcert.it\/it\/servizi\/#primaryimage"},"image":{"@id":"https:\/\/dgcert.it\/it\/servizi\/#primaryimage"},"thumbnailUrl":"https:\/\/dgcert.it\/wp-content\/uploads\/2024\/09\/porto-cervo-progetto-dgcert-7-520x768.webp","datePublished":"2023-12-04T19:09:37+00:00","dateModified":"2025-04-10T16:08:53+00:00","breadcrumb":{"@id":"https:\/\/dgcert.it\/it\/servizi\/#breadcrumb"},"inLanguage":"it-IT","potentialAction":[{"@type":"ReadAction","target":["https:\/\/dgcert.it\/it\/servizi\/"]}]},{"@type":"ImageObject","inLanguage":"it-IT","@id":"https:\/\/dgcert.it\/it\/servizi\/#primaryimage","url":"https:\/\/dgcert.it\/wp-content\/uploads\/2024\/09\/porto-cervo-progetto-dgcert-7-520x768.webp","contentUrl":"https:\/\/dgcert.it\/wp-content\/uploads\/2024\/09\/porto-cervo-progetto-dgcert-7-520x768.webp"},{"@type":"BreadcrumbList","@id":"https:\/\/dgcert.it\/it\/servizi\/#breadcrumb","itemListElement":[{"@type":"ListItem","position":1,"name":"Home","item":"https:\/\/dgcert.it\/it\/"},{"@type":"ListItem","position":2,"name":"Servizi"}]},{"@type":"WebSite","@id":"https:\/\/dgcert.it\/it\/#website","url":"https:\/\/dgcert.it\/it\/","name":"DGcert","description":"La garanzia per i tuoi investimenti immobiliari","publisher":{"@id":"https:\/\/dgcert.it\/it\/#organization"},"potentialAction":[{"@type":"SearchAction","target":{"@type":"EntryPoint","urlTemplate":"https:\/\/dgcert.it\/it\/?s={search_term_string}"},"query-input":{"@type":"PropertyValueSpecification","valueRequired":true,"valueName":"search_term_string"}}],"inLanguage":"it-IT"},{"@type":"Organization","@id":"https:\/\/dgcert.it\/it\/#organization","name":"DGcert","url":"https:\/\/dgcert.it\/it\/","logo":{"@type":"ImageObject","inLanguage":"it-IT","@id":"https:\/\/dgcert.it\/it\/#\/schema\/logo\/image\/","url":"https:\/\/dgcert.it\/wp-content\/uploads\/2024\/09\/logo-dgcert-registered-a2.webp","contentUrl":"https:\/\/dgcert.it\/wp-content\/uploads\/2024\/09\/logo-dgcert-registered-a2.webp","width":745,"height":160,"caption":"DGcert"},"image":{"@id":"https:\/\/dgcert.it\/it\/#\/schema\/logo\/image\/"}}]}},"_links":{"self":[{"href":"https:\/\/dgcert.it\/it\/wp-json\/wp\/v2\/pages\/21","targetHints":{"allow":["GET"]}}],"collection":[{"href":"https:\/\/dgcert.it\/it\/wp-json\/wp\/v2\/pages"}],"about":[{"href":"https:\/\/dgcert.it\/it\/wp-json\/wp\/v2\/types\/page"}],"author":[{"embeddable":true,"href":"https:\/\/dgcert.it\/it\/wp-json\/wp\/v2\/users\/1"}],"replies":[{"embeddable":true,"href":"https:\/\/dgcert.it\/it\/wp-json\/wp\/v2\/comments?post=21"}],"version-history":[{"count":49,"href":"https:\/\/dgcert.it\/it\/wp-json\/wp\/v2\/pages\/21\/revisions"}],"predecessor-version":[{"id":3140,"href":"https:\/\/dgcert.it\/it\/wp-json\/wp\/v2\/pages\/21\/revisions\/3140"}],"wp:attachment":[{"href":"https:\/\/dgcert.it\/it\/wp-json\/wp\/v2\/media?parent=21"}],"curies":[{"name":"wp","href":"https:\/\/api.w.org\/{rel}","templated":true}]}}